{"id":124,"date":"2015-01-12T15:22:43","date_gmt":"2015-01-12T14:22:43","guid":{"rendered":"http:\/\/reddapostabamakoteam.net4u.hu\/?page_id=124"},"modified":"2015-01-12T15:22:43","modified_gmt":"2015-01-12T14:22:43","slug":"b2b-2015","status":"publish","type":"page","link":"https:\/\/reddapostabamakoteam.net4u.hu\/?page_id=124","title":{"rendered":"B2B 2015"},"content":{"rendered":"<p><strong>FIGYELEM! Az \u00fatvonal b\u00e1rmikor v\u00e1ltozhat. Ak\u00e1r a futam ideje alatt is<\/strong>.<\/p>\n<p><strong>START \u2013 BUDAPEST 2015. Janu\u00e1r 16. p\u00e9ntek<\/strong><\/p>\n<table border=\"1\" width=\"550\" cellspacing=\"0\" cellpadding=\"2\">\n<tbody>\n<tr>\n<td bgcolor=\"#660033\" width=\"70\"><strong>Etap<\/strong><\/td>\n<td bgcolor=\"#660033\" width=\"87\"><strong>D\u00e1tum<\/strong><\/td>\n<td bgcolor=\"#660033\" width=\"300\"><strong>\u00datvonal<\/strong><\/td>\n<td bgcolor=\"#660033\" width=\"93\"><strong>T\u00e1v<\/strong><\/td>\n<\/tr>\n<tr>\n<td>0<\/td>\n<td>Jan 16<\/td>\n<td>Start-Budapest<\/td>\n<td><\/td>\n<\/tr>\n<tr>\n<td>1<\/td>\n<td>Jan 16,17,18,19<\/td>\n<td>Budapest-Tanger (SUPER MARATHON 4 DAYS)<\/td>\n<td>3117 km<\/td>\n<\/tr>\n<tr>\n<td>2<\/td>\n<td>Jan 20<\/td>\n<td>Tanger-Marrakech<\/td>\n<td>572 km<\/td>\n<\/tr>\n<tr>\n<td>3<\/td>\n<td>Jan 21<\/td>\n<td>Marrakech-Erg Chegaga<\/td>\n<td>516 km<\/td>\n<\/tr>\n<tr>\n<td>4<\/td>\n<td>Jan 22<\/td>\n<td>Erg Chegaga-Tantan Plage<\/td>\n<td>623 km<\/td>\n<\/tr>\n<tr>\n<td>5<\/td>\n<td>Jan 23<\/td>\n<td>Tan-Tan Plage \u2013 Bojdour<\/td>\n<td>489 km<\/td>\n<\/tr>\n<tr>\n<td>6<\/td>\n<td>Jan 24<\/td>\n<td>Bojdour- Guerguerat<\/td>\n<td>635 km<\/td>\n<\/tr>\n<tr>\n<td>7<\/td>\n<td>Jan 25<\/td>\n<td>Guerguerat-Boulanoar (rest day)<\/td>\n<td>60 km<\/td>\n<\/tr>\n<tr>\n<td>8<\/td>\n<td>Jan 26<\/td>\n<td>Boulanoar-Terjit Oasis<br \/>\nBoulanoar-Arkess (Beach Party)<\/td>\n<td>395 km<br \/>\n180 km<\/td>\n<\/tr>\n<tr>\n<td>9<\/td>\n<td>Jan 27<\/td>\n<td>Terjit-Nouakchott<br \/>\nArkeiss-Nouakchott<\/td>\n<td>413 km<br \/>\n280 km<\/td>\n<\/tr>\n<tr>\n<td>10<\/td>\n<td>Jan 28<\/td>\n<td>Nouakchott-Kaedi<\/td>\n<td>416 km<\/td>\n<\/tr>\n<tr>\n<td>11<\/td>\n<td>Jan 29<\/td>\n<td>Kaedi-Chutes du F\u00e9lou<\/td>\n<td>357 km<\/td>\n<\/tr>\n<tr>\n<td>12<\/td>\n<td>Jan 30<\/td>\n<td>Chutes du F\u00e9lou-Diema<\/td>\n<td>289 km<\/td>\n<\/tr>\n<tr>\n<td>13<\/td>\n<td>Jan 31<\/td>\n<td>Diema-Bambaran<\/td>\n<td>358 km<\/td>\n<\/tr>\n<tr>\n<td>14<\/td>\n<td>Feb 1<\/td>\n<td>Bambaran-Bamako<\/td>\n<td>224 km<\/td>\n<\/tr>\n<tr>\n<td bgcolor=\"ffcc66\"><strong>14 ETAP<br \/>\n<\/strong><\/td>\n<td bgcolor=\"ffcc66\"><strong>16 NAP<\/strong><\/td>\n<td bgcolor=\"ffcc66\"><strong>TOTAL<\/strong><\/td>\n<td bgcolor=\"ffcc66\"><strong>8464 km<br \/>\n<\/strong><strong>\u00c1tlag: 529 km \/nap<\/strong><\/td>\n<\/tr>\n<\/tbody>\n<\/table>\n","protected":false},"excerpt":{"rendered":"<p>FIGYELEM! Az \u00fatvonal b\u00e1rmikor v\u00e1ltozhat. Ak\u00e1r a futam ideje alatt is. START \u2013 BUDAPEST 2015. Janu\u00e1r 16. p\u00e9ntek Etap D\u00e1tum \u00datvonal T\u00e1v 0 Jan 16 Start-Budapest 1 Jan 16,17,18,19 Budapest-Tanger (SUPER MARATHON 4 DAYS) 3117 km 2 Jan 20 Tanger-Marrakech 572 km 3 Jan 21 Marrakech-Erg Chegaga 516 km 4 Jan 22 Erg Chegaga-Tantan Plage [&hellip;]<\/p>\n","protected":false},"author":1,"featured_media":0,"parent":0,"menu_order":0,"comment_status":"open","ping_status":"open","template":"","meta":{"spay_email":""},"_links":{"self":[{"href":"https:\/\/reddapostabamakoteam.net4u.hu\/index.php?rest_route=\/wp\/v2\/pages\/124"}],"collection":[{"href":"https:\/\/reddapostabamakoteam.net4u.hu\/index.php?rest_route=\/wp\/v2\/pages"}],"about":[{"href":"https:\/\/reddapostabamakoteam.net4u.hu\/index.php?rest_route=\/wp\/v2\/types\/page"}],"author":[{"embeddable":true,"href":"https:\/\/reddapostabamakoteam.net4u.hu\/index.php?rest_route=\/wp\/v2\/users\/1"}],"replies":[{"embeddable":true,"href":"https:\/\/reddapostabamakoteam.net4u.hu\/index.php?rest_route=%2Fwp%2Fv2%2Fcomments&post=124"}],"version-history":[{"count":1,"href":"https:\/\/reddapostabamakoteam.net4u.hu\/index.php?rest_route=\/wp\/v2\/pages\/124\/revisions"}],"predecessor-version":[{"id":125,"href":"https:\/\/reddapostabamakoteam.net4u.hu\/index.php?rest_route=\/wp\/v2\/pages\/124\/revisions\/125"}],"wp:attachment":[{"href":"https:\/\/reddapostabamakoteam.net4u.hu\/index.php?rest_route=%2Fwp%2Fv2%2Fmedia&parent=124"}],"curies":[{"name":"wp","href":"https:\/\/api.w.org\/{rel}","templated":true}]}}