{"id":19,"date":"2013-01-22T00:21:11","date_gmt":"2013-01-21T23:21:11","guid":{"rendered":"http:\/\/reddapostabamakoteam.net4u.hu\/?page_id=19"},"modified":"2015-04-28T20:47:27","modified_gmt":"2015-04-28T18:47:27","slug":"magunkrol","status":"publish","type":"page","link":"https:\/\/reddapostabamakoteam.net4u.hu\/?page_id=19","title":{"rendered":"Magunkr\u00f3l"},"content":{"rendered":"<p>A bal(jobb) egyben: Szil\u00e1gyi Levente<\/p>\n<p><a href=\"http:\/\/reddapostabamakoteam.net4u.hu\/?attachment_id=35\" rel=\"attachment wp-att-35\"><img loading=\"lazy\" class=\"alignnone size-medium wp-image-35\" src=\"http:\/\/reddapostabamakoteam.net4u.hu\/wp-content\/uploads\/Levi_logo-300x211.png\" alt=\"Levi_logo\" width=\"300\" height=\"211\" srcset=\"https:\/\/reddapostabamakoteam.net4u.hu\/wp-content\/uploads\/Levi_logo-300x211.png 300w, https:\/\/reddapostabamakoteam.net4u.hu\/wp-content\/uploads\/Levi_logo.png 780w\" sizes=\"(max-width: 300px) 100vw, 300px\" \/><\/a><\/p>\n<p>A jobb(bal) egyben: B\u00e9res Csaba<\/p>\n<p><a href=\"http:\/\/reddapostabamakoteam.net4u.hu\/?attachment_id=34\" rel=\"attachment wp-att-34\"><img loading=\"lazy\" class=\"alignnone size-medium wp-image-34\" src=\"http:\/\/reddapostabamakoteam.net4u.hu\/wp-content\/uploads\/Csabi_logo-300x211.png\" alt=\"Csabi_logo\" width=\"300\" height=\"211\" srcset=\"https:\/\/reddapostabamakoteam.net4u.hu\/wp-content\/uploads\/Csabi_logo-300x211.png 300w, https:\/\/reddapostabamakoteam.net4u.hu\/wp-content\/uploads\/Csabi_logo.png 780w\" sizes=\"(max-width: 300px) 100vw, 300px\" \/><\/a><\/p>\n<p>\u00c9s aki b\u00e1rhol el\u0151fordulhat&#8230; : Kov\u00e1cs P\u00e9ter<\/p>\n<p><a href=\"http:\/\/reddapostabamakoteam.net4u.hu\/wp-content\/uploads\/peti_logo_new.png\"><img loading=\"lazy\" class=\"alignnone size-medium wp-image-284\" src=\"http:\/\/reddapostabamakoteam.net4u.hu\/wp-content\/uploads\/peti_logo_new-300x212.png\" alt=\"peti_logo_new\" width=\"300\" height=\"212\" srcset=\"https:\/\/reddapostabamakoteam.net4u.hu\/wp-content\/uploads\/peti_logo_new-300x212.png 300w, https:\/\/reddapostabamakoteam.net4u.hu\/wp-content\/uploads\/peti_logo_new.png 784w\" sizes=\"(max-width: 300px) 100vw, 300px\" \/><\/a><\/p>\n","protected":false},"excerpt":{"rendered":"<p>A bal(jobb) egyben: Szil\u00e1gyi Levente A jobb(bal) egyben: B\u00e9res Csaba \u00c9s aki b\u00e1rhol el\u0151fordulhat&#8230; : Kov\u00e1cs P\u00e9ter<\/p>\n","protected":false},"author":1,"featured_media":0,"parent":0,"menu_order":0,"comment_status":"open","ping_status":"open","template":"","meta":{"spay_email":""},"_links":{"self":[{"href":"https:\/\/reddapostabamakoteam.net4u.hu\/index.php?rest_route=\/wp\/v2\/pages\/19"}],"collection":[{"href":"https:\/\/reddapostabamakoteam.net4u.hu\/index.php?rest_route=\/wp\/v2\/pages"}],"about":[{"href":"https:\/\/reddapostabamakoteam.net4u.hu\/index.php?rest_route=\/wp\/v2\/types\/page"}],"author":[{"embeddable":true,"href":"https:\/\/reddapostabamakoteam.net4u.hu\/index.php?rest_route=\/wp\/v2\/users\/1"}],"replies":[{"embeddable":true,"href":"https:\/\/reddapostabamakoteam.net4u.hu\/index.php?rest_route=%2Fwp%2Fv2%2Fcomments&post=19"}],"version-history":[{"count":8,"href":"https:\/\/reddapostabamakoteam.net4u.hu\/index.php?rest_route=\/wp\/v2\/pages\/19\/revisions"}],"predecessor-version":[{"id":286,"href":"https:\/\/reddapostabamakoteam.net4u.hu\/index.php?rest_route=\/wp\/v2\/pages\/19\/revisions\/286"}],"wp:attachment":[{"href":"https:\/\/reddapostabamakoteam.net4u.hu\/index.php?rest_route=%2Fwp%2Fv2%2Fmedia&parent=19"}],"curies":[{"name":"wp","href":"https:\/\/api.w.org\/{rel}","templated":true}]}}