{"id":2,"date":"2013-01-16T00:28:19","date_gmt":"2013-01-16T00:28:19","guid":{"rendered":"http:\/\/reddapostabamakoteam.net4u.hu\/?page_id=2"},"modified":"2013-01-24T00:43:41","modified_gmt":"2013-01-23T23:43:41","slug":"ez-egy-minta-oldal","status":"publish","type":"page","link":"https:\/\/reddapostabamakoteam.net4u.hu\/?page_id=2","title":{"rendered":"Szponzorok"},"content":{"rendered":"<p><a href=\"http:\/\/reddapostabamakoteam.net4u.hu\/?attachment_id=39\" rel=\"attachment wp-att-39\"><img loading=\"lazy\" class=\"alignnone size-medium wp-image-39\" alt=\"reddaposta_sor2\" src=\"http:\/\/reddapostabamakoteam.net4u.hu\/wp-content\/uploads\/reddaposta_sor2-300x37.jpg\" width=\"300\" height=\"37\" srcset=\"https:\/\/reddapostabamakoteam.net4u.hu\/wp-content\/uploads\/reddaposta_sor2-300x37.jpg 300w, https:\/\/reddapostabamakoteam.net4u.hu\/wp-content\/uploads\/reddaposta_sor2.jpg 800w\" sizes=\"(max-width: 300px) 100vw, 300px\" \/><\/a><\/p>\n<p>Mi\u00e9rt \u00e9rdemes \u00d6n\u00f6knek post\u00e1juk \u00fcgyint\u00e9z\u00e9s\u00e9vel a Redda Kft-t megb\u00edzniuk?<\/p>\n<div>Mert az \u00d6n\u00f6k telephely\u00e9t\u0151l viszonylag nagy t\u00e1vols\u00e1gra van csak postahivatal \u00e9s a k\u00f6zleked\u00e9s is probl\u00e9m\u00e1s.<br \/>\nMert nincs szakk\u00e9pzett dolgoz\u00f3juk a postai \u00fcgyint\u00e9z\u00e9s feladataira.<br \/>\nMert az \u00d6n\u00f6k szakk\u00e9pzett dolgoz\u00f3inak dr\u00e1g\u00e1bb a munkaideje, minthogy perif\u00e9rikus tev\u00e9kenys\u00e9gekkel, postai el\u0151k\u00e9sz\u00edt\u00e9ssel foglalkozzanak.<br \/>\nMert \u00d6n\u00f6k olyan telephelyen dolgoznak, ahol a postai felad\u00e1s, postai exped\u00edci\u00f3 m\u00fck\u00f6dtet\u00e9se gazdas\u00e1gtalan.<br \/>\nMert kis postaforgalmuk miatt a Magyar Posta nem k\u00f6t \u00d6n\u00f6kkel d\u00edjhitelez\u00e9si szerz\u0151d\u00e9st, \u00e9s postak\u00f6lts\u00e9g\u00fcket k\u00e9szp\u00e9nzben kell kiegyenl\u00edteni\u00fck.<br \/>\nMert nagy postaforgalmuk miatt a post\u00e1z\u00e1si tev\u00e9kenys\u00e9g \u00e9s az \u00fcgyint\u00e9z\u00e9s terhes \u00e9s bonyolult \u00d6n\u00f6knek.<br \/>\nMert az outsourcing \u00f6sszes el\u0151ny\u00e9t \u00e9lvezhetik: munkaer\u0151t, eszk\u00f6zt, ez\u00e1ltal id\u0151t, p\u00e9nzt, f\u00e1radts\u00e1got takar\u00edtanak meg.<br \/>\nV\u00e1lassza a Redda Kft. postai \u00fcgyint\u00e9z\u00e9s, postai el\u0151k\u00e9sz\u00edt\u00e9s, postai felad\u00e1s szolg\u00e1ltat\u00e1sait.<\/div>\n<p><a href=\"http:\/\/www.reddaposta.hu\">www.reddaposta.hu<\/a><\/p>\n<p>&nbsp;<\/p>\n<p><a href=\"http:\/\/reddapostabamakoteam.net4u.hu\/?attachment_id=48\" rel=\"attachment wp-att-48\"><img loading=\"lazy\" class=\"alignnone size-medium wp-image-48\" alt=\"net4u\" src=\"http:\/\/reddapostabamakoteam.net4u.hu\/wp-content\/uploads\/net4u-300x46.png\" width=\"300\" height=\"46\" srcset=\"https:\/\/reddapostabamakoteam.net4u.hu\/wp-content\/uploads\/net4u-300x46.png 300w, https:\/\/reddapostabamakoteam.net4u.hu\/wp-content\/uploads\/net4u-1024x159.png 1024w\" sizes=\"(max-width: 300px) 100vw, 300px\" \/><\/a><\/p>\n<p>&nbsp;<\/p>\n<p><a href=\"http:\/\/reddapostabamakoteam.net4u.hu\/?attachment_id=49\" rel=\"attachment wp-att-49\"><img loading=\"lazy\" class=\"alignnone size-medium wp-image-49\" alt=\"linux\" src=\"http:\/\/reddapostabamakoteam.net4u.hu\/wp-content\/uploads\/linux-300x46.png\" width=\"300\" height=\"46\" srcset=\"https:\/\/reddapostabamakoteam.net4u.hu\/wp-content\/uploads\/linux-300x46.png 300w, https:\/\/reddapostabamakoteam.net4u.hu\/wp-content\/uploads\/linux-1024x159.png 1024w\" sizes=\"(max-width: 300px) 100vw, 300px\" \/><\/a><\/p>\n<p>&nbsp;<\/p>\n","protected":false},"excerpt":{"rendered":"<p>Mi\u00e9rt \u00e9rdemes \u00d6n\u00f6knek post\u00e1juk \u00fcgyint\u00e9z\u00e9s\u00e9vel a Redda Kft-t megb\u00edzniuk? Mert az \u00d6n\u00f6k telephely\u00e9t\u0151l viszonylag nagy t\u00e1vols\u00e1gra van csak postahivatal \u00e9s a k\u00f6zleked\u00e9s is probl\u00e9m\u00e1s. Mert nincs szakk\u00e9pzett dolgoz\u00f3juk a postai \u00fcgyint\u00e9z\u00e9s feladataira. Mert az \u00d6n\u00f6k szakk\u00e9pzett dolgoz\u00f3inak dr\u00e1g\u00e1bb a munkaideje, minthogy perif\u00e9rikus tev\u00e9kenys\u00e9gekkel, postai el\u0151k\u00e9sz\u00edt\u00e9ssel foglalkozzanak. Mert \u00d6n\u00f6k olyan telephelyen dolgoznak, ahol a postai felad\u00e1s, [&hellip;]<\/p>\n","protected":false},"author":1,"featured_media":0,"parent":0,"menu_order":0,"comment_status":"open","ping_status":"open","template":"","meta":{"spay_email":""},"_links":{"self":[{"href":"https:\/\/reddapostabamakoteam.net4u.hu\/index.php?rest_route=\/wp\/v2\/pages\/2"}],"collection":[{"href":"https:\/\/reddapostabamakoteam.net4u.hu\/index.php?rest_route=\/wp\/v2\/pages"}],"about":[{"href":"https:\/\/reddapostabamakoteam.net4u.hu\/index.php?rest_route=\/wp\/v2\/types\/page"}],"author":[{"embeddable":true,"href":"https:\/\/reddapostabamakoteam.net4u.hu\/index.php?rest_route=\/wp\/v2\/users\/1"}],"replies":[{"embeddable":true,"href":"https:\/\/reddapostabamakoteam.net4u.hu\/index.php?rest_route=%2Fwp%2Fv2%2Fcomments&post=2"}],"version-history":[{"count":7,"href":"https:\/\/reddapostabamakoteam.net4u.hu\/index.php?rest_route=\/wp\/v2\/pages\/2\/revisions"}],"predecessor-version":[{"id":12,"href":"https:\/\/reddapostabamakoteam.net4u.hu\/index.php?rest_route=\/wp\/v2\/pages\/2\/revisions\/12"}],"wp:attachment":[{"href":"https:\/\/reddapostabamakoteam.net4u.hu\/index.php?rest_route=%2Fwp%2Fv2%2Fmedia&parent=2"}],"curies":[{"name":"wp","href":"https:\/\/api.w.org\/{rel}","templated":true}]}}