{"id":20,"date":"2013-01-22T00:23:41","date_gmt":"2013-01-21T23:23:41","guid":{"rendered":"http:\/\/reddapostabamakoteam.net4u.hu\/?page_id=20"},"modified":"2013-01-22T00:23:41","modified_gmt":"2013-01-21T23:23:41","slug":"budapest-bamako","status":"publish","type":"page","link":"https:\/\/reddapostabamakoteam.net4u.hu\/?page_id=20","title":{"rendered":"Budapest-Bamako"},"content":{"rendered":"<p>A Budapest-Bamako egy vesz\u00e9lyes, minim\u00e1l aszisztenci\u00e1s kaland \u00e9s t\u00e1j\u00e9koz\u00f3d\u00e1si verseny. A B2 nem vas\u00e1rnapi aut\u00f3z\u00e1s a Pilisben vagy piknik a V\u00e1rosligetben. Itt nincsenek ment\u0151 helikopterek, begy\u0171jt\u0151 teheraut\u00f3k, idegenvezet\u0151k, anim\u00e1torok vagy tolm\u00e1csok. Mindneki a talpraesetts\u00e9g\u00e9re, a szerencs\u00e9j\u00e9re \u00e9s a felk\u00e9sz\u00fclt\u00e9s\u00e9gre sz\u00e1m\u00edthat. Bamakon egy dolog biztos: minden bizonytalan. De a kaland err\u0151l sz\u00f3l. A Bamako nagy k\u00f6z\u00f6ss\u00e9gi esem\u00e9ny, ahol est\u00e9nk\u00e9nt a t\u00e1bort\u0171zn\u00e9l hozz\u00e1d hasonl\u00f3 \u0151r\u00fcltekkel oszthatod meg a napi \u00e9lm\u00e9nyeket \u00e9s a s\u00f3let konzerved.<\/p>\n","protected":false},"excerpt":{"rendered":"<p>A Budapest-Bamako egy vesz\u00e9lyes, minim\u00e1l aszisztenci\u00e1s kaland \u00e9s t\u00e1j\u00e9koz\u00f3d\u00e1si verseny. A B2 nem vas\u00e1rnapi aut\u00f3z\u00e1s a Pilisben vagy piknik a V\u00e1rosligetben. Itt nincsenek ment\u0151 helikopterek, begy\u0171jt\u0151 teheraut\u00f3k, idegenvezet\u0151k, anim\u00e1torok vagy tolm\u00e1csok. Mindneki a talpraesetts\u00e9g\u00e9re, a szerencs\u00e9j\u00e9re \u00e9s a felk\u00e9sz\u00fclt\u00e9s\u00e9gre sz\u00e1m\u00edthat. Bamakon egy dolog biztos: minden bizonytalan. De a kaland err\u0151l sz\u00f3l. A Bamako nagy k\u00f6z\u00f6ss\u00e9gi [&hellip;]<\/p>\n","protected":false},"author":1,"featured_media":0,"parent":0,"menu_order":0,"comment_status":"open","ping_status":"open","template":"","meta":{"spay_email":""},"_links":{"self":[{"href":"https:\/\/reddapostabamakoteam.net4u.hu\/index.php?rest_route=\/wp\/v2\/pages\/20"}],"collection":[{"href":"https:\/\/reddapostabamakoteam.net4u.hu\/index.php?rest_route=\/wp\/v2\/pages"}],"about":[{"href":"https:\/\/reddapostabamakoteam.net4u.hu\/index.php?rest_route=\/wp\/v2\/types\/page"}],"author":[{"embeddable":true,"href":"https:\/\/reddapostabamakoteam.net4u.hu\/index.php?rest_route=\/wp\/v2\/users\/1"}],"replies":[{"embeddable":true,"href":"https:\/\/reddapostabamakoteam.net4u.hu\/index.php?rest_route=%2Fwp%2Fv2%2Fcomments&post=20"}],"version-history":[{"count":1,"href":"https:\/\/reddapostabamakoteam.net4u.hu\/index.php?rest_route=\/wp\/v2\/pages\/20\/revisions"}],"predecessor-version":[{"id":25,"href":"https:\/\/reddapostabamakoteam.net4u.hu\/index.php?rest_route=\/wp\/v2\/pages\/20\/revisions\/25"}],"wp:attachment":[{"href":"https:\/\/reddapostabamakoteam.net4u.hu\/index.php?rest_route=%2Fwp%2Fv2%2Fmedia&parent=20"}],"curies":[{"name":"wp","href":"https:\/\/api.w.org\/{rel}","templated":true}]}}