{"id":26,"date":"2013-01-22T00:25:22","date_gmt":"2013-01-21T23:25:22","guid":{"rendered":"http:\/\/reddapostabamakoteam.net4u.hu\/?page_id=26"},"modified":"2013-01-22T00:25:22","modified_gmt":"2013-01-21T23:25:22","slug":"b2b-2013","status":"publish","type":"page","link":"https:\/\/reddapostabamakoteam.net4u.hu\/?page_id=26","title":{"rendered":"B2B 2013"},"content":{"rendered":"<table width=\"550\" border=\"1\" cellspacing=\"0\" cellpadding=\"2\">\n<tbody>\n<tr>\n<td bgcolor=\"#660033\" width=\"70\"><strong>Etap<\/strong><\/td>\n<td bgcolor=\"#660033\" width=\"87\"><strong>D\u00e1tum<\/strong><\/td>\n<td bgcolor=\"#660033\" width=\"300\"><strong>\u00datvonal<\/strong><\/td>\n<td bgcolor=\"#660033\" width=\"93\"><strong>T\u00e1v<\/strong><\/td>\n<\/tr>\n<tr>\n<td>0<\/td>\n<td>Jan 25<\/td>\n<td>Start-Budapesti Kongresszusi K\u00f6zpont<\/td>\n<td><\/td>\n<\/tr>\n<tr>\n<td>2<\/td>\n<td>Jan 25,26,27,28<\/td>\n<td>Budapest-Tinerhir (SUPER MARATHON 4 DAYS)<\/td>\n<td>3623 km<\/td>\n<\/tr>\n<tr>\n<td>3<\/td>\n<td>Jan 29<\/td>\n<td>Tinerhir-Zagora<\/td>\n<td>340 km<\/td>\n<\/tr>\n<tr>\n<td>3<\/td>\n<td>Jan 30<\/td>\n<td>Zagora-Tafraoute<\/td>\n<td>500 km<\/td>\n<\/tr>\n<tr>\n<td>4<\/td>\n<td>Jan 31<\/td>\n<td>Tafraout-Smara<\/td>\n<td>531 km<\/td>\n<\/tr>\n<tr>\n<td>5<\/td>\n<td>Feb 1<\/td>\n<td>Smara-Dakhla<\/td>\n<td>761 km<\/td>\n<\/tr>\n<tr>\n<td>7<\/td>\n<td>Feb 2<\/td>\n<td>Dakhla-Boulanoar (Mauritania)<\/td>\n<td>426 km<\/td>\n<\/tr>\n<tr>\n<td>8<\/td>\n<td>Feb 3<\/td>\n<td>Boulanoar-Chinguetti<br \/>\nBoulanoar-B2 Beach (Touring)<\/td>\n<td>560 km<br \/>\n250 km<\/td>\n<\/tr>\n<tr>\n<td>9<\/td>\n<td>Feb 4<\/td>\n<td>Chinguetti-Tidjikja<br \/>\nB2 Beach-Nouakchott (Touring)<\/td>\n<td>460 km<br \/>\n125 km<\/td>\n<\/tr>\n<tr>\n<td>10<\/td>\n<td>Feb 5<\/td>\n<td>Tidjikja-Podor (Senegal)<br \/>\nNouakchott-Podor (Senegal)<\/td>\n<td>540km<br \/>\n284km<\/td>\n<\/tr>\n<tr>\n<td>11<\/td>\n<td>Feb 6<\/td>\n<td>Podor-Mamari<\/td>\n<td>350 km<\/td>\n<\/tr>\n<tr>\n<td>12<\/td>\n<td>Feb 7<\/td>\n<td>Mamari-Kedougou<\/td>\n<td>403 km<\/td>\n<\/tr>\n<tr>\n<td>13<\/td>\n<td>Feb 8<\/td>\n<td>Kedougou-Sonaco<\/td>\n<td>358 km<\/td>\n<\/tr>\n<tr>\n<td>14<\/td>\n<td>Feb 9<\/td>\n<td>Sonaco-Bissau<\/td>\n<td>140 km<\/td>\n<\/tr>\n<tr>\n<td><\/td>\n<td><\/td>\n<td><\/td>\n<td><\/td>\n<\/tr>\n<tr>\n<td bgcolor=\"ffcc66\"><strong>14 ETAP-Stages<br \/>\n<\/strong><\/td>\n<td bgcolor=\"ffcc66\"><strong>16 NAP\/DAYS<\/strong><\/td>\n<td bgcolor=\"ffcc66\"><strong>TOTAL<\/strong><\/td>\n<td bgcolor=\"ffcc66\"><strong>8682 km<\/strong><strong>\u00c1tlag:542 km \/nap<br \/>\n<\/strong>&nbsp;<\/p>\n<p><strong>Avarage:542km<br \/>\nper day\u00a0<\/strong><\/td>\n<\/tr>\n<\/tbody>\n<\/table>\n","protected":false},"excerpt":{"rendered":"<p>Etap D\u00e1tum \u00datvonal T\u00e1v 0 Jan 25 Start-Budapesti Kongresszusi K\u00f6zpont 2 Jan 25,26,27,28 Budapest-Tinerhir (SUPER MARATHON 4 DAYS) 3623 km 3 Jan 29 Tinerhir-Zagora 340 km 3 Jan 30 Zagora-Tafraoute 500 km 4 Jan 31 Tafraout-Smara 531 km 5 Feb 1 Smara-Dakhla 761 km 7 Feb 2 Dakhla-Boulanoar (Mauritania) 426 km 8 Feb 3 Boulanoar-Chinguetti [&hellip;]<\/p>\n","protected":false},"author":1,"featured_media":0,"parent":0,"menu_order":0,"comment_status":"open","ping_status":"open","template":"","meta":{"spay_email":""},"_links":{"self":[{"href":"https:\/\/reddapostabamakoteam.net4u.hu\/index.php?rest_route=\/wp\/v2\/pages\/26"}],"collection":[{"href":"https:\/\/reddapostabamakoteam.net4u.hu\/index.php?rest_route=\/wp\/v2\/pages"}],"about":[{"href":"https:\/\/reddapostabamakoteam.net4u.hu\/index.php?rest_route=\/wp\/v2\/types\/page"}],"author":[{"embeddable":true,"href":"https:\/\/reddapostabamakoteam.net4u.hu\/index.php?rest_route=\/wp\/v2\/users\/1"}],"replies":[{"embeddable":true,"href":"https:\/\/reddapostabamakoteam.net4u.hu\/index.php?rest_route=%2Fwp%2Fv2%2Fcomments&post=26"}],"version-history":[{"count":2,"href":"https:\/\/reddapostabamakoteam.net4u.hu\/index.php?rest_route=\/wp\/v2\/pages\/26\/revisions"}],"predecessor-version":[{"id":28,"href":"https:\/\/reddapostabamakoteam.net4u.hu\/index.php?rest_route=\/wp\/v2\/pages\/26\/revisions\/28"}],"wp:attachment":[{"href":"https:\/\/reddapostabamakoteam.net4u.hu\/index.php?rest_route=%2Fwp%2Fv2%2Fmedia&parent=26"}],"curies":[{"name":"wp","href":"https:\/\/api.w.org\/{rel}","templated":true}]}}